{"id":97,"date":"2026-04-16T10:10:07","date_gmt":"2026-04-16T10:10:07","guid":{"rendered":"https:\/\/econoga.com\/?page_id=97"},"modified":"2026-04-16T10:10:42","modified_gmt":"2026-04-16T10:10:42","slug":"politica-de-cookies","status":"publish","type":"page","link":"https:\/\/econoga.com\/?page_id=97","title":{"rendered":"Pol\u00edtica de Cookies"},"content":{"rendered":"\t\t<div data-elementor-type=\"wp-page\" data-elementor-id=\"97\" class=\"elementor elementor-97\" data-elementor-post-type=\"page\">\n\t\t\t\t<div class=\"elementor-element elementor-element-fccc072 e-flex e-con-boxed e-con e-parent\" data-id=\"fccc072\" data-element_type=\"container\" data-e-type=\"container\">\n\t\t\t\t\t<div class=\"e-con-inner\">\n\t\t\t\t<div class=\"elementor-element elementor-element-ec9353b elementor-widget elementor-widget-heading\" data-id=\"ec9353b\" data-element_type=\"widget\" data-e-type=\"widget\" data-widget_type=\"heading.default\">\n\t\t\t\t\t<h1 class=\"elementor-heading-title elementor-size-default\">Pol\u00edtica de Cookies<\/h1>\t\t\t\t<\/div>\n\t\t\t\t<div class=\"elementor-element elementor-element-a199555 elementor-widget elementor-widget-text-editor\" data-id=\"a199555\" data-element_type=\"widget\" data-e-type=\"widget\" data-widget_type=\"text-editor.default\">\n\t\t\t\t\t\t\t\t\t<p>A Econogaa. utiliza cookies no seu website para melhorar o desempenho e a experi\u00eancia dos utilizadores.<\/p>\t\t\t\t\t\t\t\t<\/div>\n\t\t\t\t<div class=\"elementor-element elementor-element-557faa9 elementor-widget elementor-widget-text-editor\" data-id=\"557faa9\" data-element_type=\"widget\" data-e-type=\"widget\" data-widget_type=\"text-editor.default\">\n\t\t\t\t\t\t\t\t\t<h4>O que s\u00e3o cookies?<\/h4><p>Cookies s\u00e3o pequenos ficheiros de texto armazenados nos dispositivos de acesso (PC, telem\u00f3vel ou tablet) atrav\u00e9s do navegador (browser). Estes ficheiros ret\u00eam informa\u00e7\u00f5es sobre a navega\u00e7\u00e3o do utilizador, como prefer\u00eancias e configura\u00e7\u00f5es, mas n\u00e3o incluem dados pessoais.<\/p><h4>Para que servem os cookies?<\/h4><p>Os cookies ajudam a melhorar a efici\u00eancia do website, permitindo uma navega\u00e7\u00e3o mais r\u00e1pida e facilitada, sem a necessidade de reintroduzir as mesmas informa\u00e7\u00f5es repetidamente. Eles tamb\u00e9m ajudam a analisar o comportamento de utiliza\u00e7\u00e3o, melhorando a experi\u00eancia do utilizador.<\/p><h4>Que tipos de cookies existem?<\/h4><p>Existem dois tipos principais de cookies utilizados no nosso website:<\/p><p><strong>Cookies permanentes:<\/strong> Ficam armazenados no navegador e s\u00e3o usados sempre que o utilizador visita o website novamente. Estes cookies ajudam a personalizar a navega\u00e7\u00e3o com base nos interesses e prefer\u00eancias do utilizador, oferecendo uma experi\u00eancia mais adaptada.<\/p><p><strong>Cookies de sess\u00e3o:<\/strong> S\u00e3o tempor\u00e1rios e s\u00e3o apagados assim que o utilizador fecha o navegador. Estes cookies ajudam a analisar padr\u00f5es de tr\u00e1fego no site e identificar poss\u00edveis problemas, melhorando a navega\u00e7\u00e3o.<\/p><h4>Para que fins utilizamos cookies?<\/h4><p><strong>Cookies estritamente necess\u00e1rios<\/strong> \u2013 Permitem a navega\u00e7\u00e3o no website e o uso de aplica\u00e7\u00f5es, assim como o acesso a \u00e1reas seguras do site. Sem estes cookies, alguns servi\u00e7os n\u00e3o poder\u00e3o ser prestados.<\/p><p><strong>Cookies anal\u00edticos<\/strong> \u2013 Utilizados de forma an\u00f3nima para criar e analisar estat\u00edsticas, com o objetivo de melhorar o desempenho do website.<\/p><p><strong>Cookies de funcionalidade<\/strong> \u2013 Guardam as prefer\u00eancias do utilizador quanto ao uso do site, evitando a necessidade de configurar as mesmas op\u00e7\u00f5es em cada visita.<\/p><p><strong>Cookies de terceiros<\/strong> \u2013 Avaliam o sucesso de aplica\u00e7\u00f5es e a efic\u00e1cia da publicidade de terceiros. Tamb\u00e9m podem ser usados para personalizar widgets com dados do utilizador.<\/p><p><strong>Cookies de publicidade<\/strong> \u2013 Direcionam a publicidade com base nos interesses de cada utilizador, ajudando a criar campanhas publicit\u00e1rias mais relevantes. Estes cookies tamb\u00e9m limitam o n\u00famero de vezes que v\u00ea um an\u00fancio, medindo a efic\u00e1cia da publicidade e melhorando a organiza\u00e7\u00e3o do website.<\/p><h4>Como pode gerir os cookies?<\/h4><p>Todos os navegadores permitem que o utilizador aceite, recuse ou apague cookies.\u00a0 Contudo, ser\u00e1 ainda notificado sempre que um cookie \u00e9 recebido. Em suma, pode ajustar as defini\u00e7\u00f5es apropriadas no menu \u201cop\u00e7\u00f5es\u201d ou \u201cprefer\u00eancias\u201d do navegador.<\/p><p>Note-se, no entanto, que ao desativar cookies, alguns servi\u00e7os do website podem n\u00e3o funcionar corretamente, afetando a navega\u00e7\u00e3o.<\/p>\t\t\t\t\t\t\t\t<\/div>\n\t\t\t\t\t<\/div>\n\t\t\t\t<\/div>\n\t\t\t\t<\/div>\n\t\t","protected":false},"excerpt":{"rendered":"<p>Pol\u00edtica de Cookies A Econogaa. utiliza cookies no seu website para melhorar o desempenho e a experi\u00eancia dos utilizadores. O que s\u00e3o cookies? Cookies s\u00e3o pequenos ficheiros de texto armazenados nos dispositivos de acesso (PC, telem\u00f3vel ou tablet) atrav\u00e9s do navegador (browser). Estes ficheiros ret\u00eam informa\u00e7\u00f5es sobre a navega\u00e7\u00e3o do utilizador, como prefer\u00eancias e configura\u00e7\u00f5es, [&hellip;]<\/p>\n","protected":false},"author":1,"featured_media":0,"parent":0,"menu_order":0,"comment_status":"closed","ping_status":"open","template":"elementor_header_footer","meta":{"footnotes":""},"class_list":["post-97","page","type-page","status-publish","hentry"],"_links":{"self":[{"href":"https:\/\/econoga.com\/index.php?rest_route=\/wp\/v2\/pages\/97","targetHints":{"allow":["GET"]}}],"collection":[{"href":"https:\/\/econoga.com\/index.php?rest_route=\/wp\/v2\/pages"}],"about":[{"href":"https:\/\/econoga.com\/index.php?rest_route=\/wp\/v2\/types\/page"}],"author":[{"embeddable":true,"href":"https:\/\/econoga.com\/index.php?rest_route=\/wp\/v2\/users\/1"}],"replies":[{"embeddable":true,"href":"https:\/\/econoga.com\/index.php?rest_route=%2Fwp%2Fv2%2Fcomments&post=97"}],"version-history":[{"count":4,"href":"https:\/\/econoga.com\/index.php?rest_route=\/wp\/v2\/pages\/97\/revisions"}],"predecessor-version":[{"id":102,"href":"https:\/\/econoga.com\/index.php?rest_route=\/wp\/v2\/pages\/97\/revisions\/102"}],"wp:attachment":[{"href":"https:\/\/econoga.com\/index.php?rest_route=%2Fwp%2Fv2%2Fmedia&parent=97"}],"curies":[{"name":"wp","href":"https:\/\/api.w.org\/{rel}","templated":true}]}}